{"id":1212,"date":"2023-10-12T08:29:12","date_gmt":"2023-10-12T06:29:12","guid":{"rendered":"https:\/\/roomclean.hotelallinge.dk\/forside\/"},"modified":"2023-10-12T13:13:14","modified_gmt":"2023-10-12T11:13:14","slug":"forside","status":"publish","type":"page","link":"https:\/\/roomclean.hotelallinge.dk\/de\/","title":{"rendered":"Startseite"},"content":{"rendered":"<h1 style=\"text-align: center;\">Willkommen im Hotel Allinge<\/h1>\n<p style=\"text-align: center;\">Mitten im maritimen Allinge im Norden Bornholms liegt das Hotel Allinge. Der alte Fachwerkhof aus dem 17. Jahrhundert, mit seinen renovierten Geb\u00e4uden und Anbauten, bildet den perfekten Rahmen f\u00fcr Euren Aufenthalt auf Bornholm.<\/p>\n<p style=\"text-align: center;\">Im Restaurant unseres Hotels wird das Fr\u00fchst\u00fcck serviert, und abends findet Ihr hier unser leckeres Buffet. Au\u00dferdem gibt es gem\u00fctliche Aufenthaltsr\u00e4ume zum Fernsehen, einen m\u00f6blierten Innengarten und eine Gartenterrasse.<\/p>\n<p style=\"text-align: center;\">Hier auf unserer Webseite haben wir n\u00fctzliche Informationen f\u00fcr Euren Aufenthalt bei uns zusammen gestellt. Ruft uns an, wenn Ihr weitere Infos ben\u00f6tigt oder Fragen habt. Hier \u00fcber die Homepage k\u00f6nnt Ihr auch Euren Aufenthalt oder einen Tisch im Restaurant bestellen.<\/p>\n<p style=\"text-align: center;\">Bei Fragen wendet Euch gerne an uns per Mail oder Telefon.<br \/>\n<strong>Mail: info@roomclean.hotelallinge.dk &#8211; Telefon: +45 5648 0025<\/strong><\/p>\n","protected":false},"excerpt":{"rendered":"<p>Willkommen im Hotel Allinge Mitten im maritimen Allinge im Norden Bornholms liegt das Hotel Allinge.&mldr;<\/p>\n","protected":false},"author":1,"featured_media":0,"parent":0,"menu_order":1,"comment_status":"closed","ping_status":"closed","template":"page-forside.php","meta":{"_acf_changed":false,"footnotes":""},"class_list":["post-1212","page","type-page","status-publish","hentry"],"acf":[],"_links":{"self":[{"href":"https:\/\/roomclean.hotelallinge.dk\/de\/wp-json\/wp\/v2\/pages\/1212","targetHints":{"allow":["GET"]}}],"collection":[{"href":"https:\/\/roomclean.hotelallinge.dk\/de\/wp-json\/wp\/v2\/pages"}],"about":[{"href":"https:\/\/roomclean.hotelallinge.dk\/de\/wp-json\/wp\/v2\/types\/page"}],"author":[{"embeddable":true,"href":"https:\/\/roomclean.hotelallinge.dk\/de\/wp-json\/wp\/v2\/users\/1"}],"replies":[{"embeddable":true,"href":"https:\/\/roomclean.hotelallinge.dk\/de\/wp-json\/wp\/v2\/comments?post=1212"}],"version-history":[{"count":30,"href":"https:\/\/roomclean.hotelallinge.dk\/de\/wp-json\/wp\/v2\/pages\/1212\/revisions"}],"predecessor-version":[{"id":6078,"href":"https:\/\/roomclean.hotelallinge.dk\/de\/wp-json\/wp\/v2\/pages\/1212\/revisions\/6078"}],"wp:attachment":[{"href":"https:\/\/roomclean.hotelallinge.dk\/de\/wp-json\/wp\/v2\/media?parent=1212"}],"curies":[{"name":"wp","href":"https:\/\/api.w.org\/{rel}","templated":true}]}}